{"id":33,"date":"2023-12-22T12:15:57","date_gmt":"2023-12-22T11:15:57","guid":{"rendered":"https:\/\/kilikahaureskola.com\/?page_id=33"},"modified":"2024-03-12T18:36:58","modified_gmt":"2024-03-12T17:36:58","slug":"nuestras-educadoras","status":"publish","type":"page","link":"https:\/\/kilikahaureskola.com\/es\/nuestras-educadoras\/","title":{"rendered":"Nuestras Educadoras"},"content":{"rendered":"\t\t<div data-elementor-type=\"wp-page\" data-elementor-id=\"33\" class=\"elementor elementor-33\" data-elementor-post-type=\"page\">\n\t\t\t\t<div class=\"elementor-element elementor-element-315b472d e-con-full e-flex e-con e-parent\" data-id=\"315b472d\" data-element_type=\"container\" data-e-type=\"container\" data-settings=\"{&quot;background_background&quot;:&quot;gradient&quot;}\">\n\t\t<div class=\"elementor-element elementor-element-4ff94c30 e-con-full e-flex e-con e-child\" data-id=\"4ff94c30\" data-element_type=\"container\" data-e-type=\"container\">\n\t\t\t\t<div class=\"elementor-element elementor-element-25492033 elementor-widget__width-inherit elementor-widget elementor-widget-heading\" data-id=\"25492033\" data-element_type=\"widget\" data-e-type=\"widget\" data-widget_type=\"heading.default\">\n\t\t\t\t<div class=\"elementor-widget-container\">\n\t\t\t\t\t<p class=\"elementor-heading-title elementor-size-default\">NUESTRAS EDUCADORAS<\/p>\t\t\t\t<\/div>\n\t\t\t\t<\/div>\n\t\t\t\t<div class=\"elementor-element elementor-element-5ad6d31d elementor-widget__width-initial elementor-widget-tablet__width-inherit elementor-widget elementor-widget-heading\" data-id=\"5ad6d31d\" data-element_type=\"widget\" data-e-type=\"widget\" data-widget_type=\"heading.default\">\n\t\t\t\t<div class=\"elementor-widget-container\">\n\t\t\t\t\t<h2 class=\"elementor-heading-title elementor-size-default\">Comprometidas, Cari\u00f1osas y Respetuosas<\/h2>\t\t\t\t<\/div>\n\t\t\t\t<\/div>\n\t\t\t\t<div class=\"elementor-element elementor-element-68113b9e elementor-widget__width-initial elementor-widget-tablet__width-inherit elementor-widget elementor-widget-text-editor\" data-id=\"68113b9e\" data-element_type=\"widget\" data-e-type=\"widget\" data-widget_type=\"text-editor.default\">\n\t\t\t\t<div class=\"elementor-widget-container\">\n\t\t\t\t\t\t\t\t\t<p>Son el coraz\u00f3n de nuestro compromiso con la educaci\u00f3n de calidad. Somos profesionales en continua formaci\u00f3n, apasionadas por su trabajo y siempre dispuestas a aprender y crecer.<\/p>\t\t\t\t\t\t\t\t<\/div>\n\t\t\t\t<\/div>\n\t\t<div class=\"elementor-element elementor-element-45662943 e-con-full e-flex e-con e-child\" data-id=\"45662943\" data-element_type=\"container\" data-e-type=\"container\">\n\t\t<div class=\"elementor-element elementor-element-5540d96f e-con-full e-flex elementor-invisible e-con e-child\" data-id=\"5540d96f\" data-element_type=\"container\" data-e-type=\"container\" data-settings=\"{&quot;background_background&quot;:&quot;gradient&quot;,&quot;animation&quot;:&quot;fadeInUp&quot;}\">\n\t\t\t\t<div class=\"elementor-element elementor-element-16e74cc6 elementor-cta--valign-middle elementor-cta--skin-classic elementor-animated-content elementor-bg-transform elementor-bg-transform-zoom-in elementor-widget elementor-widget-call-to-action\" data-id=\"16e74cc6\" data-element_type=\"widget\" data-e-type=\"widget\" data-widget_type=\"call-to-action.default\">\n\t\t\t\t<div class=\"elementor-widget-container\">\n\t\t\t\t\t\t\t<div class=\"elementor-cta\">\n\t\t\t\t\t\t\t<div class=\"elementor-cta__content\">\n\t\t\t\t\n\t\t\t\t\t\t\t\t\t<h3 class=\"elementor-cta__title elementor-cta__content-item elementor-content-item\">\n\t\t\t\t\t\tCalided y Cercan\u00eda\t\t\t\t\t<\/h3>\n\t\t\t\t\n\t\t\t\t\t\t\t\t\t<div class=\"elementor-cta__description elementor-cta__content-item elementor-content-item\">\n\t\t\t\t\t\tLa calidez y la cercan\u00eda son rasgos fundamentales de nuestro equipo, ya que entendemos que la relaci\u00f3n entre el educador y el ni\u00f1o\/ a es esencial para un entorno educativo enriquecedor. \t\t\t\t\t<\/div>\n\t\t\t\t\n\t\t\t\t\t\t\t<\/div>\n\t\t\t\t\t\t<\/div>\n\t\t\t\t\t\t<\/div>\n\t\t\t\t<\/div>\n\t\t\t\t<\/div>\n\t\t<div class=\"elementor-element elementor-element-66175c4e e-con-full e-flex elementor-invisible e-con e-child\" data-id=\"66175c4e\" data-element_type=\"container\" data-e-type=\"container\" data-settings=\"{&quot;background_background&quot;:&quot;gradient&quot;,&quot;animation&quot;:&quot;fadeInUp&quot;,&quot;animation_delay&quot;:&quot;200&quot;}\">\n\t\t\t\t<div class=\"elementor-element elementor-element-321fddf9 elementor-cta--valign-middle elementor-cta--skin-classic elementor-animated-content elementor-bg-transform elementor-bg-transform-zoom-in elementor-widget elementor-widget-call-to-action\" data-id=\"321fddf9\" data-element_type=\"widget\" data-e-type=\"widget\" data-widget_type=\"call-to-action.default\">\n\t\t\t\t<div class=\"elementor-widget-container\">\n\t\t\t\t\t\t\t<div class=\"elementor-cta\">\n\t\t\t\t\t\t\t<div class=\"elementor-cta__content\">\n\t\t\t\t\n\t\t\t\t\t\t\t\t\t<h3 class=\"elementor-cta__title elementor-cta__content-item elementor-content-item\">\n\t\t\t\t\t\tRespetamos y celebramos las diferencias\t\t\t\t\t<\/h3>\n\t\t\t\t\n\t\t\t\t\t\t\t\t\t<div class=\"elementor-cta__description elementor-cta__content-item elementor-content-item\">\n\t\t\t\t\t\tValoramos profundamente la individualidad de cada ni\u00f1o\/a y nos comprometemos a no etiquetar a nadie. Nuestras educadoras respetan y celebran las diferencias, reconociendo que cada ni\u00f1o\/a es \u00fanico y tiene su propio camino de desarrollo. \t\t\t\t\t<\/div>\n\t\t\t\t\n\t\t\t\t\t\t\t<\/div>\n\t\t\t\t\t\t<\/div>\n\t\t\t\t\t\t<\/div>\n\t\t\t\t<\/div>\n\t\t\t\t<\/div>\n\t\t<div class=\"elementor-element elementor-element-508e09b2 e-con-full e-flex elementor-invisible e-con e-child\" data-id=\"508e09b2\" data-element_type=\"container\" data-e-type=\"container\" data-settings=\"{&quot;background_background&quot;:&quot;gradient&quot;,&quot;animation&quot;:&quot;fadeInUp&quot;,&quot;animation_delay&quot;:&quot;400&quot;}\">\n\t\t\t\t<div class=\"elementor-element elementor-element-243b3cd5 elementor-cta--valign-middle elementor-cta--skin-classic elementor-animated-content elementor-bg-transform elementor-bg-transform-zoom-in elementor-widget elementor-widget-call-to-action\" data-id=\"243b3cd5\" data-element_type=\"widget\" data-e-type=\"widget\" data-widget_type=\"call-to-action.default\">\n\t\t\t\t<div class=\"elementor-widget-container\">\n\t\t\t\t\t\t\t<div class=\"elementor-cta\">\n\t\t\t\t\t\t\t<div class=\"elementor-cta__content\">\n\t\t\t\t\n\t\t\t\t\t\t\t\t\t<h3 class=\"elementor-cta__title elementor-cta__content-item elementor-content-item\">\n\t\t\t\t\t\tTrabajamos con las familias\t\t\t\t\t<\/h3>\n\t\t\t\t\n\t\t\t\t\t\t\t\t\t<div class=\"elementor-cta__description elementor-cta__content-item elementor-content-item\">\n\t\t\t\t\t\tTrabajamos en colaboraci\u00f3n con las familias para garantizar que cada ni\u00f1o\/a reciba una atenci\u00f3n personalizada y un ambiente enriquecedor para su crecimiento. En Kilika, nuestras educadoras son modelos a seguir dedicados a nutrir el amor por el aprendizaje y el bienestar de tus peque\u00f1os. Estamos aqu\u00ed para apoyar a tus hijos en su viaje de crecimiento y descubrimiento, brind\u00e1ndoles un entorno seguro y cari\u00f1oso en el que puedan florecer.\t\t\t\t\t<\/div>\n\t\t\t\t\n\t\t\t\t\t\t\t<\/div>\n\t\t\t\t\t\t<\/div>\n\t\t\t\t\t\t<\/div>\n\t\t\t\t<\/div>\n\t\t\t\t<\/div>\n\t\t\t\t<\/div>\n\t\t\t\t<\/div>\n\t\t\t\t<\/div>\n\t\t\t\t<\/div>\n\t\t","protected":false},"excerpt":{"rendered":"<p>NUESTRAS EDUCADORAS Comprometidas, Cari\u00f1osas y Respetuosas Son el coraz\u00f3n de nuestro compromiso con la educaci\u00f3n de calidad. Somos profesionales en continua formaci\u00f3n, apasionadas por su trabajo y siempre dispuestas a aprender y crecer. Calided y Cercan\u00eda La calidez y la cercan\u00eda son rasgos fundamentales de nuestro equipo, ya que entendemos que la relaci\u00f3n entre el [&hellip;]<\/p>\n","protected":false},"author":1,"featured_media":0,"parent":0,"menu_order":0,"comment_status":"closed","ping_status":"closed","template":"","meta":{"footnotes":""},"class_list":["post-33","page","type-page","status-publish","hentry"],"yoast_head":"<!-- This site is optimized with the Yoast SEO plugin v27.2 - https:\/\/yoast.com\/product\/yoast-seo-wordpress\/ -->\n<title>Nuestras Educadoras - Guarderia Kilika Haur-Eskola<\/title>\n<meta name=\"robots\" content=\"index, follow, max-snippet:-1, max-image-preview:large, max-video-preview:-1\" \/>\n<link rel=\"canonical\" href=\"https:\/\/kilikahaureskola.com\/es\/nuestras-educadoras\/\" \/>\n<meta property=\"og:locale\" content=\"es_ES\" \/>\n<meta property=\"og:type\" content=\"article\" \/>\n<meta property=\"og:title\" content=\"Nuestras Educadoras - Guarderia Kilika Haur-Eskola\" \/>\n<meta property=\"og:description\" content=\"NUESTRAS EDUCADORAS Comprometidas, Cari\u00f1osas y Respetuosas Son el coraz\u00f3n de nuestro compromiso con la educaci\u00f3n de calidad. Somos profesionales en continua formaci\u00f3n, apasionadas por su trabajo y siempre dispuestas a aprender y crecer. Calided y Cercan\u00eda La calidez y la cercan\u00eda son rasgos fundamentales de nuestro equipo, ya que entendemos que la relaci\u00f3n entre el [&hellip;]\" \/>\n<meta property=\"og:url\" content=\"https:\/\/kilikahaureskola.com\/es\/nuestras-educadoras\/\" \/>\n<meta property=\"og:site_name\" content=\"Guarderia Kilika Haur-Eskola\" \/>\n<meta property=\"article:modified_time\" content=\"2024-03-12T17:36:58+00:00\" \/>\n<meta name=\"twitter:card\" content=\"summary_large_image\" \/>\n<meta name=\"twitter:label1\" content=\"Tiempo de lectura\" \/>\n\t<meta name=\"twitter:data1\" content=\"1 minuto\" \/>\n<script type=\"application\/ld+json\" class=\"yoast-schema-graph\">{\"@context\":\"https:\/\/schema.org\",\"@graph\":[{\"@type\":\"WebPage\",\"@id\":\"https:\/\/kilikahaureskola.com\/es\/nuestras-educadoras\/\",\"url\":\"https:\/\/kilikahaureskola.com\/es\/nuestras-educadoras\/\",\"name\":\"Nuestras Educadoras - Guarderia Kilika Haur-Eskola\",\"isPartOf\":{\"@id\":\"https:\/\/kilikahaureskola.com\/es\/#website\"},\"datePublished\":\"2023-12-22T11:15:57+00:00\",\"dateModified\":\"2024-03-12T17:36:58+00:00\",\"breadcrumb\":{\"@id\":\"https:\/\/kilikahaureskola.com\/es\/nuestras-educadoras\/#breadcrumb\"},\"inLanguage\":\"es\",\"potentialAction\":[{\"@type\":\"ReadAction\",\"target\":[\"https:\/\/kilikahaureskola.com\/es\/nuestras-educadoras\/\"]}]},{\"@type\":\"BreadcrumbList\",\"@id\":\"https:\/\/kilikahaureskola.com\/es\/nuestras-educadoras\/#breadcrumb\",\"itemListElement\":[{\"@type\":\"ListItem\",\"position\":1,\"name\":\"Portada\",\"item\":\"https:\/\/kilikahaureskola.com\/es\/\"},{\"@type\":\"ListItem\",\"position\":2,\"name\":\"Nuestras Educadoras\"}]},{\"@type\":\"WebSite\",\"@id\":\"https:\/\/kilikahaureskola.com\/es\/#website\",\"url\":\"https:\/\/kilikahaureskola.com\/es\/\",\"name\":\"Guarderia Kilika Haur-Eskola\",\"description\":\"\",\"publisher\":{\"@id\":\"https:\/\/kilikahaureskola.com\/es\/#organization\"},\"potentialAction\":[{\"@type\":\"SearchAction\",\"target\":{\"@type\":\"EntryPoint\",\"urlTemplate\":\"https:\/\/kilikahaureskola.com\/es\/?s={search_term_string}\"},\"query-input\":{\"@type\":\"PropertyValueSpecification\",\"valueRequired\":true,\"valueName\":\"search_term_string\"}}],\"inLanguage\":\"es\"},{\"@type\":\"Organization\",\"@id\":\"https:\/\/kilikahaureskola.com\/es\/#organization\",\"name\":\"Guarderia Kilika Haur-Eskola\",\"url\":\"https:\/\/kilikahaureskola.com\/es\/\",\"logo\":{\"@type\":\"ImageObject\",\"inLanguage\":\"es\",\"@id\":\"https:\/\/kilikahaureskola.com\/es\/#\/schema\/logo\/image\/\",\"url\":\"https:\/\/kilikahaureskola.com\/wp-content\/uploads\/2024\/02\/logo-kilika-def.png\",\"contentUrl\":\"https:\/\/kilikahaureskola.com\/wp-content\/uploads\/2024\/02\/logo-kilika-def.png\",\"width\":686,\"height\":375,\"caption\":\"Guarderia Kilika Haur-Eskola\"},\"image\":{\"@id\":\"https:\/\/kilikahaureskola.com\/es\/#\/schema\/logo\/image\/\"}}]}<\/script>\n<!-- \/ Yoast SEO plugin. -->","yoast_head_json":{"title":"Nuestras Educadoras - Guarderia Kilika Haur-Eskola","robots":{"index":"index","follow":"follow","max-snippet":"max-snippet:-1","max-image-preview":"max-image-preview:large","max-video-preview":"max-video-preview:-1"},"canonical":"https:\/\/kilikahaureskola.com\/es\/nuestras-educadoras\/","og_locale":"es_ES","og_type":"article","og_title":"Nuestras Educadoras - Guarderia Kilika Haur-Eskola","og_description":"NUESTRAS EDUCADORAS Comprometidas, Cari\u00f1osas y Respetuosas Son el coraz\u00f3n de nuestro compromiso con la educaci\u00f3n de calidad. Somos profesionales en continua formaci\u00f3n, apasionadas por su trabajo y siempre dispuestas a aprender y crecer. Calided y Cercan\u00eda La calidez y la cercan\u00eda son rasgos fundamentales de nuestro equipo, ya que entendemos que la relaci\u00f3n entre el [&hellip;]","og_url":"https:\/\/kilikahaureskola.com\/es\/nuestras-educadoras\/","og_site_name":"Guarderia Kilika Haur-Eskola","article_modified_time":"2024-03-12T17:36:58+00:00","twitter_card":"summary_large_image","twitter_misc":{"Tiempo de lectura":"1 minuto"},"schema":{"@context":"https:\/\/schema.org","@graph":[{"@type":"WebPage","@id":"https:\/\/kilikahaureskola.com\/es\/nuestras-educadoras\/","url":"https:\/\/kilikahaureskola.com\/es\/nuestras-educadoras\/","name":"Nuestras Educadoras - Guarderia Kilika Haur-Eskola","isPartOf":{"@id":"https:\/\/kilikahaureskola.com\/es\/#website"},"datePublished":"2023-12-22T11:15:57+00:00","dateModified":"2024-03-12T17:36:58+00:00","breadcrumb":{"@id":"https:\/\/kilikahaureskola.com\/es\/nuestras-educadoras\/#breadcrumb"},"inLanguage":"es","potentialAction":[{"@type":"ReadAction","target":["https:\/\/kilikahaureskola.com\/es\/nuestras-educadoras\/"]}]},{"@type":"BreadcrumbList","@id":"https:\/\/kilikahaureskola.com\/es\/nuestras-educadoras\/#breadcrumb","itemListElement":[{"@type":"ListItem","position":1,"name":"Portada","item":"https:\/\/kilikahaureskola.com\/es\/"},{"@type":"ListItem","position":2,"name":"Nuestras Educadoras"}]},{"@type":"WebSite","@id":"https:\/\/kilikahaureskola.com\/es\/#website","url":"https:\/\/kilikahaureskola.com\/es\/","name":"Guarderia Kilika Haur-Eskola","description":"","publisher":{"@id":"https:\/\/kilikahaureskola.com\/es\/#organization"},"potentialAction":[{"@type":"SearchAction","target":{"@type":"EntryPoint","urlTemplate":"https:\/\/kilikahaureskola.com\/es\/?s={search_term_string}"},"query-input":{"@type":"PropertyValueSpecification","valueRequired":true,"valueName":"search_term_string"}}],"inLanguage":"es"},{"@type":"Organization","@id":"https:\/\/kilikahaureskola.com\/es\/#organization","name":"Guarderia Kilika Haur-Eskola","url":"https:\/\/kilikahaureskola.com\/es\/","logo":{"@type":"ImageObject","inLanguage":"es","@id":"https:\/\/kilikahaureskola.com\/es\/#\/schema\/logo\/image\/","url":"https:\/\/kilikahaureskola.com\/wp-content\/uploads\/2024\/02\/logo-kilika-def.png","contentUrl":"https:\/\/kilikahaureskola.com\/wp-content\/uploads\/2024\/02\/logo-kilika-def.png","width":686,"height":375,"caption":"Guarderia Kilika Haur-Eskola"},"image":{"@id":"https:\/\/kilikahaureskola.com\/es\/#\/schema\/logo\/image\/"}}]}},"_links":{"self":[{"href":"https:\/\/kilikahaureskola.com\/es\/wp-json\/wp\/v2\/pages\/33","targetHints":{"allow":["GET"]}}],"collection":[{"href":"https:\/\/kilikahaureskola.com\/es\/wp-json\/wp\/v2\/pages"}],"about":[{"href":"https:\/\/kilikahaureskola.com\/es\/wp-json\/wp\/v2\/types\/page"}],"author":[{"embeddable":true,"href":"https:\/\/kilikahaureskola.com\/es\/wp-json\/wp\/v2\/users\/1"}],"replies":[{"embeddable":true,"href":"https:\/\/kilikahaureskola.com\/es\/wp-json\/wp\/v2\/comments?post=33"}],"version-history":[{"count":31,"href":"https:\/\/kilikahaureskola.com\/es\/wp-json\/wp\/v2\/pages\/33\/revisions"}],"predecessor-version":[{"id":1313,"href":"https:\/\/kilikahaureskola.com\/es\/wp-json\/wp\/v2\/pages\/33\/revisions\/1313"}],"wp:attachment":[{"href":"https:\/\/kilikahaureskola.com\/es\/wp-json\/wp\/v2\/media?parent=33"}],"curies":[{"name":"wp","href":"https:\/\/api.w.org\/{rel}","templated":true}]}}