{"id":37,"date":"2023-12-22T12:16:53","date_gmt":"2023-12-22T11:16:53","guid":{"rendered":"https:\/\/kilikahaureskola.com\/?page_id=37"},"modified":"2024-02-28T11:22:00","modified_gmt":"2024-02-28T10:22:00","slug":"horario","status":"publish","type":"page","link":"https:\/\/kilikahaureskola.com\/es\/horario\/","title":{"rendered":"Horario"},"content":{"rendered":"\t\t<div data-elementor-type=\"wp-page\" data-elementor-id=\"37\" class=\"elementor elementor-37\" data-elementor-post-type=\"page\">\n\t\t\t\t<div class=\"elementor-element elementor-element-1dab5780 e-con-full e-flex e-con e-parent\" data-id=\"1dab5780\" data-element_type=\"container\" data-e-type=\"container\" data-settings=\"{&quot;background_background&quot;:&quot;gradient&quot;}\">\n\t\t\t\t<div class=\"elementor-element elementor-element-325ccc9d elementor-widget__width-initial elementor-widget elementor-widget-image\" data-id=\"325ccc9d\" data-element_type=\"widget\" data-e-type=\"widget\" data-widget_type=\"image.default\">\n\t\t\t\t<div class=\"elementor-widget-container\">\n\t\t\t\t\t\t\t\t\t\t\t\t\t\t\t<img fetchpriority=\"high\" decoding=\"async\" width=\"230\" height=\"230\" src=\"https:\/\/kilikahaureskola.com\/wp-content\/uploads\/2024\/02\/Icon-1-Services-4.svg\" class=\"attachment-large size-large wp-image-666\" alt=\"\" \/>\t\t\t\t\t\t\t\t\t\t\t\t\t\t\t<\/div>\n\t\t\t\t<\/div>\n\t\t<div class=\"elementor-element elementor-element-6c0e2fc e-con-full e-flex e-con e-child\" data-id=\"6c0e2fc\" data-element_type=\"container\" data-e-type=\"container\">\n\t\t\t\t<div class=\"elementor-element elementor-element-76c4c7a8 elementor-widget__width-inherit elementor-widget elementor-widget-heading\" data-id=\"76c4c7a8\" data-element_type=\"widget\" data-e-type=\"widget\" data-widget_type=\"heading.default\">\n\t\t\t\t<div class=\"elementor-widget-container\">\n\t\t\t\t\t<p class=\"elementor-heading-title elementor-size-default\">HORARIO<\/p>\t\t\t\t<\/div>\n\t\t\t\t<\/div>\n\t\t\t\t<div class=\"elementor-element elementor-element-583694b7 elementor-widget__width-inherit elementor-widget elementor-widget-heading\" data-id=\"583694b7\" data-element_type=\"widget\" data-e-type=\"widget\" data-widget_type=\"heading.default\">\n\t\t\t\t<div class=\"elementor-widget-container\">\n\t\t\t\t\t<h2 class=\"elementor-heading-title elementor-size-default\">Flexibilidad para tu comodidad.<\/h2>\t\t\t\t<\/div>\n\t\t\t\t<\/div>\n\t\t\t\t<div class=\"elementor-element elementor-element-55227080 elementor-widget__width-initial elementor-widget-mobile__width-inherit elementor-invisible elementor-widget elementor-widget-icon-box\" data-id=\"55227080\" data-element_type=\"widget\" data-e-type=\"widget\" data-settings=\"{&quot;_animation&quot;:&quot;fadeInUp&quot;}\" data-widget_type=\"icon-box.default\">\n\t\t\t\t<div class=\"elementor-widget-container\">\n\t\t\t\t\t\t\t<div class=\"elementor-icon-box-wrapper\">\n\n\t\t\t\n\t\t\t\t\t\t<div class=\"elementor-icon-box-content\">\n\n\t\t\t\t\t\t\t\t\t<h3 class=\"elementor-icon-box-title\">\n\t\t\t\t\t\t<span  >\n\t\t\t\t\t\t\tAdaptamos nuestro horario\t\t\t\t\t\t<\/span>\n\t\t\t\t\t<\/h3>\n\t\t\t\t\n\t\t\t\t\t\t\t\t\t<p class=\"elementor-icon-box-description\">\n\t\t\t\t\t\tEn Kilika, adaptamos nuestro horario para satisfacer tus necesidades\t\t\t\t\t<\/p>\n\t\t\t\t\n\t\t\t<\/div>\n\t\t\t\n\t\t<\/div>\n\t\t\t\t\t\t<\/div>\n\t\t\t\t<\/div>\n\t\t\t\t<div class=\"elementor-element elementor-element-5b8b1243 elementor-widget__width-initial elementor-widget-mobile__width-inherit elementor-invisible elementor-widget elementor-widget-icon-box\" data-id=\"5b8b1243\" data-element_type=\"widget\" data-e-type=\"widget\" data-settings=\"{&quot;_animation&quot;:&quot;fadeInUp&quot;,&quot;_animation_delay&quot;:&quot;100&quot;}\" data-widget_type=\"icon-box.default\">\n\t\t\t\t<div class=\"elementor-widget-container\">\n\t\t\t\t\t\t\t<div class=\"elementor-icon-box-wrapper\">\n\n\t\t\t\n\t\t\t\t\t\t<div class=\"elementor-icon-box-content\">\n\n\t\t\t\t\t\t\t\t\t<h3 class=\"elementor-icon-box-title\">\n\t\t\t\t\t\t<span  >\n\t\t\t\t\t\t\tHorario\t\t\t\t\t\t<\/span>\n\t\t\t\t\t<\/h3>\n\t\t\t\t\n\t\t\t\t\t\t\t\t\t<p class=\"elementor-icon-box-description\">\n\t\t\t\t\t\tAbrimos a las 7:30 de la ma\u00f1ana hasta las 17:00 de la tarde.\t\t\t\t\t<\/p>\n\t\t\t\t\n\t\t\t<\/div>\n\t\t\t\n\t\t<\/div>\n\t\t\t\t\t\t<\/div>\n\t\t\t\t<\/div>\n\t\t\t\t<div class=\"elementor-element elementor-element-7bfe1a65 elementor-widget__width-initial elementor-widget-mobile__width-inherit elementor-invisible elementor-widget elementor-widget-icon-box\" data-id=\"7bfe1a65\" data-element_type=\"widget\" data-e-type=\"widget\" data-settings=\"{&quot;_animation&quot;:&quot;fadeInUp&quot;,&quot;_animation_delay&quot;:&quot;200&quot;}\" data-widget_type=\"icon-box.default\">\n\t\t\t\t<div class=\"elementor-widget-container\">\n\t\t\t\t\t\t\t<div class=\"elementor-icon-box-wrapper\">\n\n\t\t\t\n\t\t\t\t\t\t<div class=\"elementor-icon-box-content\">\n\n\t\t\t\t\t\t\t\t\t<h3 class=\"elementor-icon-box-title\">\n\t\t\t\t\t\t<span  >\n\t\t\t\t\t\t\tCuidado a tiempo  completo o parcial\t\t\t\t\t\t<\/span>\n\t\t\t\t\t<\/h3>\n\t\t\t\t\n\t\t\t\t\t\t\t\t\t<p class=\"elementor-icon-box-description\">\n\t\t\t\t\t\tOfrecemos cuidado a tiempo completo o parcial, asegurando que tu hijo\/a reciba la atenci\u00f3n que merece\t\t\t\t\t<\/p>\n\t\t\t\t\n\t\t\t<\/div>\n\t\t\t\n\t\t<\/div>\n\t\t\t\t\t\t<\/div>\n\t\t\t\t<\/div>\n\t\t\t\t<div class=\"elementor-element elementor-element-781c245b elementor-widget__width-initial elementor-widget-mobile__width-inherit elementor-invisible elementor-widget elementor-widget-icon-box\" data-id=\"781c245b\" data-element_type=\"widget\" data-e-type=\"widget\" data-settings=\"{&quot;_animation&quot;:&quot;fadeInUp&quot;,&quot;_animation_delay&quot;:&quot;300&quot;}\" data-widget_type=\"icon-box.default\">\n\t\t\t\t<div class=\"elementor-widget-container\">\n\t\t\t\t\t\t\t<div class=\"elementor-icon-box-wrapper\">\n\n\t\t\t\n\t\t\t\t\t\t<div class=\"elementor-icon-box-content\">\n\n\t\t\t\t\t\t\t\t\t<h3 class=\"elementor-icon-box-title\">\n\t\t\t\t\t\t<span  >\n\t\t\t\t\t\t\tCont\u00e1ctanos\t\t\t\t\t\t<\/span>\n\t\t\t\t\t<\/h3>\n\t\t\t\t\n\t\t\t\t\t\t\t\t\t<p class=\"elementor-icon-box-description\">\n\t\t\t\t\t\tCont\u00e1ctanos para m\u00e1s detalles sobre nuestros horarios espec\u00edficos. Tu comodidad es nuestra prioridad.\t\t\t\t\t<\/p>\n\t\t\t\t\n\t\t\t<\/div>\n\t\t\t\n\t\t<\/div>\n\t\t\t\t\t\t<\/div>\n\t\t\t\t<\/div>\n\t\t\t\t<\/div>\n\t\t\t\t<\/div>\n\t\t<div class=\"elementor-element elementor-element-0c87351 e-flex e-con-boxed e-con e-parent\" data-id=\"0c87351\" data-element_type=\"container\" data-e-type=\"container\" data-settings=\"{&quot;background_background&quot;:&quot;classic&quot;}\">\n\t\t\t\t\t<div class=\"e-con-inner\">\n\t\t\t\t<div class=\"elementor-element elementor-element-fe9150f elementor-widget elementor-widget-heading\" data-id=\"fe9150f\" data-element_type=\"widget\" data-e-type=\"widget\" data-widget_type=\"heading.default\">\n\t\t\t\t<div class=\"elementor-widget-container\">\n\t\t\t\t\t<h6 class=\"elementor-heading-title elementor-size-default\">Bienvenido a nuestra escuela infaltil<\/h6>\t\t\t\t<\/div>\n\t\t\t\t<\/div>\n\t\t\t\t<div class=\"elementor-element elementor-element-64a7bd7 elementor-widget elementor-widget-heading\" data-id=\"64a7bd7\" data-element_type=\"widget\" data-e-type=\"widget\" data-widget_type=\"heading.default\">\n\t\t\t\t<div class=\"elementor-widget-container\">\n\t\t\t\t\t<h1 class=\"elementor-heading-title elementor-size-default\">Kilika Escuela Infantil<\/h1>\t\t\t\t<\/div>\n\t\t\t\t<\/div>\n\t\t\t\t<div class=\"elementor-element elementor-element-e2d12ac elementor-align-center elementor-mobile-align-center elementor-tablet-align-center elementor-widget__width-inherit elementor-widget elementor-widget-button\" data-id=\"e2d12ac\" data-element_type=\"widget\" data-e-type=\"widget\" data-widget_type=\"button.default\">\n\t\t\t\t<div class=\"elementor-widget-container\">\n\t\t\t\t\t\t\t\t\t<div class=\"elementor-button-wrapper\">\n\t\t\t\t\t<a class=\"elementor-button elementor-button-link elementor-size-sm elementor-animation-grow\" href=\"#\">\n\t\t\t\t\t\t<span class=\"elementor-button-content-wrapper\">\n\t\t\t\t\t\t\t\t\t<span class=\"elementor-button-text\">Contacta<\/span>\n\t\t\t\t\t<\/span>\n\t\t\t\t\t<\/a>\n\t\t\t\t<\/div>\n\t\t\t\t\t\t\t\t<\/div>\n\t\t\t\t<\/div>\n\t\t\t\t\t<\/div>\n\t\t\t\t<\/div>\n\t\t\t\t<\/div>\n\t\t","protected":false},"excerpt":{"rendered":"<p>HORARIO Flexibilidad para tu comodidad. Adaptamos nuestro horario En Kilika, adaptamos nuestro horario para satisfacer tus necesidades Horario Abrimos a las 7:30 de la ma\u00f1ana hasta las 17:00 de la tarde. Cuidado a tiempo completo o parcial Ofrecemos cuidado a tiempo completo o parcial, asegurando que tu hijo\/a reciba la atenci\u00f3n que merece Cont\u00e1ctanos Cont\u00e1ctanos [&hellip;]<\/p>\n","protected":false},"author":1,"featured_media":0,"parent":0,"menu_order":0,"comment_status":"closed","ping_status":"closed","template":"","meta":{"footnotes":""},"class_list":["post-37","page","type-page","status-publish","hentry"],"yoast_head":"<!-- This site is optimized with the Yoast SEO plugin v27.2 - https:\/\/yoast.com\/product\/yoast-seo-wordpress\/ -->\n<title>Horario - Guarderia Kilika Haur-Eskola<\/title>\n<meta name=\"robots\" content=\"index, follow, max-snippet:-1, max-image-preview:large, max-video-preview:-1\" \/>\n<link rel=\"canonical\" href=\"https:\/\/kilikahaureskola.com\/es\/horario\/\" \/>\n<meta property=\"og:locale\" content=\"es_ES\" \/>\n<meta property=\"og:type\" content=\"article\" \/>\n<meta property=\"og:title\" content=\"Horario - Guarderia Kilika Haur-Eskola\" \/>\n<meta property=\"og:description\" content=\"HORARIO Flexibilidad para tu comodidad. Adaptamos nuestro horario En Kilika, adaptamos nuestro horario para satisfacer tus necesidades Horario Abrimos a las 7:30 de la ma\u00f1ana hasta las 17:00 de la tarde. Cuidado a tiempo completo o parcial Ofrecemos cuidado a tiempo completo o parcial, asegurando que tu hijo\/a reciba la atenci\u00f3n que merece Cont\u00e1ctanos Cont\u00e1ctanos [&hellip;]\" \/>\n<meta property=\"og:url\" content=\"https:\/\/kilikahaureskola.com\/es\/horario\/\" \/>\n<meta property=\"og:site_name\" content=\"Guarderia Kilika Haur-Eskola\" \/>\n<meta property=\"article:modified_time\" content=\"2024-02-28T10:22:00+00:00\" \/>\n<meta property=\"og:image\" content=\"https:\/\/kilikahaureskola.com\/wp-content\/uploads\/2024\/02\/Icon-1-Services-4.svg\" \/>\n<meta name=\"twitter:card\" content=\"summary_large_image\" \/>\n<script type=\"application\/ld+json\" class=\"yoast-schema-graph\">{\"@context\":\"https:\/\/schema.org\",\"@graph\":[{\"@type\":\"WebPage\",\"@id\":\"https:\/\/kilikahaureskola.com\/es\/horario\/\",\"url\":\"https:\/\/kilikahaureskola.com\/es\/horario\/\",\"name\":\"Horario - Guarderia Kilika Haur-Eskola\",\"isPartOf\":{\"@id\":\"https:\/\/kilikahaureskola.com\/es\/#website\"},\"primaryImageOfPage\":{\"@id\":\"https:\/\/kilikahaureskola.com\/es\/horario\/#primaryimage\"},\"image\":{\"@id\":\"https:\/\/kilikahaureskola.com\/es\/horario\/#primaryimage\"},\"thumbnailUrl\":\"https:\/\/kilikahaureskola.com\/wp-content\/uploads\/2024\/02\/Icon-1-Services-4.svg\",\"datePublished\":\"2023-12-22T11:16:53+00:00\",\"dateModified\":\"2024-02-28T10:22:00+00:00\",\"breadcrumb\":{\"@id\":\"https:\/\/kilikahaureskola.com\/es\/horario\/#breadcrumb\"},\"inLanguage\":\"es\",\"potentialAction\":[{\"@type\":\"ReadAction\",\"target\":[\"https:\/\/kilikahaureskola.com\/es\/horario\/\"]}]},{\"@type\":\"ImageObject\",\"inLanguage\":\"es\",\"@id\":\"https:\/\/kilikahaureskola.com\/es\/horario\/#primaryimage\",\"url\":\"https:\/\/kilikahaureskola.com\/wp-content\/uploads\/2024\/02\/Icon-1-Services-4.svg\",\"contentUrl\":\"https:\/\/kilikahaureskola.com\/wp-content\/uploads\/2024\/02\/Icon-1-Services-4.svg\"},{\"@type\":\"BreadcrumbList\",\"@id\":\"https:\/\/kilikahaureskola.com\/es\/horario\/#breadcrumb\",\"itemListElement\":[{\"@type\":\"ListItem\",\"position\":1,\"name\":\"Portada\",\"item\":\"https:\/\/kilikahaureskola.com\/es\/\"},{\"@type\":\"ListItem\",\"position\":2,\"name\":\"Horario\"}]},{\"@type\":\"WebSite\",\"@id\":\"https:\/\/kilikahaureskola.com\/es\/#website\",\"url\":\"https:\/\/kilikahaureskola.com\/es\/\",\"name\":\"Guarderia Kilika Haur-Eskola\",\"description\":\"\",\"publisher\":{\"@id\":\"https:\/\/kilikahaureskola.com\/es\/#organization\"},\"potentialAction\":[{\"@type\":\"SearchAction\",\"target\":{\"@type\":\"EntryPoint\",\"urlTemplate\":\"https:\/\/kilikahaureskola.com\/es\/?s={search_term_string}\"},\"query-input\":{\"@type\":\"PropertyValueSpecification\",\"valueRequired\":true,\"valueName\":\"search_term_string\"}}],\"inLanguage\":\"es\"},{\"@type\":\"Organization\",\"@id\":\"https:\/\/kilikahaureskola.com\/es\/#organization\",\"name\":\"Guarderia Kilika Haur-Eskola\",\"url\":\"https:\/\/kilikahaureskola.com\/es\/\",\"logo\":{\"@type\":\"ImageObject\",\"inLanguage\":\"es\",\"@id\":\"https:\/\/kilikahaureskola.com\/es\/#\/schema\/logo\/image\/\",\"url\":\"https:\/\/kilikahaureskola.com\/wp-content\/uploads\/2024\/02\/logo-kilika-def.png\",\"contentUrl\":\"https:\/\/kilikahaureskola.com\/wp-content\/uploads\/2024\/02\/logo-kilika-def.png\",\"width\":686,\"height\":375,\"caption\":\"Guarderia Kilika Haur-Eskola\"},\"image\":{\"@id\":\"https:\/\/kilikahaureskola.com\/es\/#\/schema\/logo\/image\/\"}}]}<\/script>\n<!-- \/ Yoast SEO plugin. -->","yoast_head_json":{"title":"Horario - Guarderia Kilika Haur-Eskola","robots":{"index":"index","follow":"follow","max-snippet":"max-snippet:-1","max-image-preview":"max-image-preview:large","max-video-preview":"max-video-preview:-1"},"canonical":"https:\/\/kilikahaureskola.com\/es\/horario\/","og_locale":"es_ES","og_type":"article","og_title":"Horario - Guarderia Kilika Haur-Eskola","og_description":"HORARIO Flexibilidad para tu comodidad. Adaptamos nuestro horario En Kilika, adaptamos nuestro horario para satisfacer tus necesidades Horario Abrimos a las 7:30 de la ma\u00f1ana hasta las 17:00 de la tarde. Cuidado a tiempo completo o parcial Ofrecemos cuidado a tiempo completo o parcial, asegurando que tu hijo\/a reciba la atenci\u00f3n que merece Cont\u00e1ctanos Cont\u00e1ctanos [&hellip;]","og_url":"https:\/\/kilikahaureskola.com\/es\/horario\/","og_site_name":"Guarderia Kilika Haur-Eskola","article_modified_time":"2024-02-28T10:22:00+00:00","og_image":[{"url":"https:\/\/kilikahaureskola.com\/wp-content\/uploads\/2024\/02\/Icon-1-Services-4.svg","type":"","width":"","height":""}],"twitter_card":"summary_large_image","schema":{"@context":"https:\/\/schema.org","@graph":[{"@type":"WebPage","@id":"https:\/\/kilikahaureskola.com\/es\/horario\/","url":"https:\/\/kilikahaureskola.com\/es\/horario\/","name":"Horario - Guarderia Kilika Haur-Eskola","isPartOf":{"@id":"https:\/\/kilikahaureskola.com\/es\/#website"},"primaryImageOfPage":{"@id":"https:\/\/kilikahaureskola.com\/es\/horario\/#primaryimage"},"image":{"@id":"https:\/\/kilikahaureskola.com\/es\/horario\/#primaryimage"},"thumbnailUrl":"https:\/\/kilikahaureskola.com\/wp-content\/uploads\/2024\/02\/Icon-1-Services-4.svg","datePublished":"2023-12-22T11:16:53+00:00","dateModified":"2024-02-28T10:22:00+00:00","breadcrumb":{"@id":"https:\/\/kilikahaureskola.com\/es\/horario\/#breadcrumb"},"inLanguage":"es","potentialAction":[{"@type":"ReadAction","target":["https:\/\/kilikahaureskola.com\/es\/horario\/"]}]},{"@type":"ImageObject","inLanguage":"es","@id":"https:\/\/kilikahaureskola.com\/es\/horario\/#primaryimage","url":"https:\/\/kilikahaureskola.com\/wp-content\/uploads\/2024\/02\/Icon-1-Services-4.svg","contentUrl":"https:\/\/kilikahaureskola.com\/wp-content\/uploads\/2024\/02\/Icon-1-Services-4.svg"},{"@type":"BreadcrumbList","@id":"https:\/\/kilikahaureskola.com\/es\/horario\/#breadcrumb","itemListElement":[{"@type":"ListItem","position":1,"name":"Portada","item":"https:\/\/kilikahaureskola.com\/es\/"},{"@type":"ListItem","position":2,"name":"Horario"}]},{"@type":"WebSite","@id":"https:\/\/kilikahaureskola.com\/es\/#website","url":"https:\/\/kilikahaureskola.com\/es\/","name":"Guarderia Kilika Haur-Eskola","description":"","publisher":{"@id":"https:\/\/kilikahaureskola.com\/es\/#organization"},"potentialAction":[{"@type":"SearchAction","target":{"@type":"EntryPoint","urlTemplate":"https:\/\/kilikahaureskola.com\/es\/?s={search_term_string}"},"query-input":{"@type":"PropertyValueSpecification","valueRequired":true,"valueName":"search_term_string"}}],"inLanguage":"es"},{"@type":"Organization","@id":"https:\/\/kilikahaureskola.com\/es\/#organization","name":"Guarderia Kilika Haur-Eskola","url":"https:\/\/kilikahaureskola.com\/es\/","logo":{"@type":"ImageObject","inLanguage":"es","@id":"https:\/\/kilikahaureskola.com\/es\/#\/schema\/logo\/image\/","url":"https:\/\/kilikahaureskola.com\/wp-content\/uploads\/2024\/02\/logo-kilika-def.png","contentUrl":"https:\/\/kilikahaureskola.com\/wp-content\/uploads\/2024\/02\/logo-kilika-def.png","width":686,"height":375,"caption":"Guarderia Kilika Haur-Eskola"},"image":{"@id":"https:\/\/kilikahaureskola.com\/es\/#\/schema\/logo\/image\/"}}]}},"_links":{"self":[{"href":"https:\/\/kilikahaureskola.com\/es\/wp-json\/wp\/v2\/pages\/37","targetHints":{"allow":["GET"]}}],"collection":[{"href":"https:\/\/kilikahaureskola.com\/es\/wp-json\/wp\/v2\/pages"}],"about":[{"href":"https:\/\/kilikahaureskola.com\/es\/wp-json\/wp\/v2\/types\/page"}],"author":[{"embeddable":true,"href":"https:\/\/kilikahaureskola.com\/es\/wp-json\/wp\/v2\/users\/1"}],"replies":[{"embeddable":true,"href":"https:\/\/kilikahaureskola.com\/es\/wp-json\/wp\/v2\/comments?post=37"}],"version-history":[{"count":22,"href":"https:\/\/kilikahaureskola.com\/es\/wp-json\/wp\/v2\/pages\/37\/revisions"}],"predecessor-version":[{"id":937,"href":"https:\/\/kilikahaureskola.com\/es\/wp-json\/wp\/v2\/pages\/37\/revisions\/937"}],"wp:attachment":[{"href":"https:\/\/kilikahaureskola.com\/es\/wp-json\/wp\/v2\/media?parent=37"}],"curies":[{"name":"wp","href":"https:\/\/api.w.org\/{rel}","templated":true}]}}