{"id":1346,"date":"2024-02-09T08:53:34","date_gmt":"2024-02-09T07:53:34","guid":{"rendered":"https:\/\/kilikahaureskola.com\/cookie-politika\/"},"modified":"2024-05-02T13:06:08","modified_gmt":"2024-05-02T11:06:08","slug":"cookie-politika","status":"publish","type":"page","link":"https:\/\/kilikahaureskola.com\/eu\/cookie-politika\/","title":{"rendered":"Cookie politika"},"content":{"rendered":"\n<p><strong>Cookie politika<\/strong><\/p>\n\n<p>MAITANE ABANDO IBA\u00d1EZ DE GAUNA Y OTRA CB en cumplimiento de la Ley 34\/2002, de 11 de julio, de servicios de la sociedad de la informaci\u00f3n y de comercio electr\u00f3nico (LSSI). Texto consolidado a fecha 10 de mayo de 2014 (Art\u00edculos 2 en relaci\u00f3n con la definici\u00f3n del Anexo a), 22.2, 37, 38.4 g), 38.3 i)) informa acerca de la Pol\u00edtica de cookies de su sitio web a trav\u00e9s de los siguientes p\u00e1rrafos. Para m\u00e1s informaci\u00f3n acerca de esta pol\u00edtica u otras de la web: kilika@guarderiakilika.com<\/p>\n\n<p><strong>\u00bfQu\u00e9 son las cookies?<\/strong><\/p>\n\n<p>Una cookie es un archivo que se descarga y almacena en el equipo del usuario al acceder a determinadas p\u00e1ginas web, para almacenar y recuperar informaci\u00f3n sobre la navegaci\u00f3n que se realiza desde ese equipo. Las cookies son esenciales para el funcionamiento de Internet, aportando ventajas para la prestaci\u00f3n de servicios interactivos, facilit\u00e1ndole la navegaci\u00f3n y usabilidad de nuestra web. Tenga en cuenta que las cookies no pueden da\u00f1ar su equipo y que a cambio el que est\u00e9n activadas nos ayudan a identificar y resolver los errores.<\/p>\n\n<p><strong>Bloqueo o deshabilitado de Cookies<\/strong><\/p>\n\n<p>El usuario puede permitir, bloquear o eliminar el registro de los datos facilitados por las cookies instaladas en tu equipo mediante la configuraci\u00f3n de las opciones del navegador instalado en su ordenador el plug-in de navegador disponible a trav\u00e9s del siguiente enlace: https:\/\/tools.google.com\/dlpage\/gaoptout?hl=es.<\/p>\n\n<p>Proporcionamos adem\u00e1s los siguientes enlaces en relaci\u00f3n con el bloqueo o deshabilitado de las cookies en los diferentes navegadores:<\/p>\n\n<p>Informaci\u00f3n sobre Firefox: https:\/\/support.mozilla.org\/es\/kb\/cookies-informacion-que-los-sitios-web-guardan-en-<\/p>\n\n<p>Informaci\u00f3n sobre Explorer: http:\/\/windows.microsoft.com\/es-es\/windows7\/how-to-manage-cookies-in-internet-explorer-9<\/p>\n\n<p>Informaci\u00f3n sobre Safari: http:\/\/support.apple.com\/kb\/ph5042<\/p>\n\n<p>Informaci\u00f3n sobre Opera: http:\/\/help.opera.com\/Windows\/11.50\/es-ES\/cookies.html<\/p>\n\n<p><strong>Informaci\u00f3n sobre Google:<\/strong><\/p>\n\n<p>http:\/\/support.google.com\/chrome\/bin\/answer.py?hl=es&#038;answer=95647<\/p>\n\n<p><strong>Google Analytics<\/strong><\/p>\n\n<p>Almacena cookies para poder elaborar estad\u00edsticas sobre el tr\u00e1fico y volumen de visitas de esta web. Al utilizar este sitio web est\u00e1 consintiendo el tratamiento de informaci\u00f3n acerca de usted por Google. Por tanto, el ejercicio de cualquier derecho en este sentido deber\u00e1 hacerlo comunicando directamente con Google.<\/p>\n\n<p>Las cookies de Google Analytics, se almacenan en servidores ubicados en Estados Unidos y se compromete a no compartirla con terceros, excepto en los casos en los que sea necesario para el funcionamiento del sistema o cuando la ley obligue a tal efecto. Seg\u00fan Google no guarda su direcci\u00f3n IP.<\/p>\n\n<p>Google Inc. es una compa\u00f1\u00eda adherida a \u201cPrivacy Shiels\u201d (escudo de privacidad) que garantiza que todos los datos transferidos ser\u00e1n tratados con un nivel de protecci\u00f3n acorde a la normativa europea. Puede consultar informaci\u00f3n detallada a este respecto a trav\u00e9s del siguiente enlace:<\/p>\n\n<figure class=\"wp-block-embed\"><div class=\"wp-block-embed__wrapper\">\nhttps:\/\/support.google.com\/analytics\/answer\/6004245\n<\/div><\/figure>\n\n<p>Si lo desea puede utilizar el Complemento de inhabilitaci\u00f3n para navegadores de Google Analytics a trav\u00e9s de cuyas instrucciones pueden rechazarse las cookies anal\u00edticas de dicho servicio en todos los navegadores. Puede consultar m\u00e1s informaci\u00f3n al respecto en el siguiente enlace: https:\/\/tools.google.com\/dlpage\/gaoptout<\/p>\n","protected":false},"excerpt":{"rendered":"<p>Cookie politika MAITANE ABANDO IBA\u00d1EZ DE GAUNA Y OTRA CB en cumplimiento de la Ley 34\/2002, de 11 de julio, de servicios de la sociedad de la informaci\u00f3n y de comercio electr\u00f3nico (LSSI). Texto consolidado a fecha 10 de mayo de 2014 (Art\u00edculos 2 en relaci\u00f3n con la definici\u00f3n del Anexo a), 22.2, 37, 38.4 [&hellip;]<\/p>\n","protected":false},"author":1,"featured_media":0,"parent":0,"menu_order":0,"comment_status":"closed","ping_status":"closed","template":"","meta":{"footnotes":""},"class_list":["post-1346","page","type-page","status-publish","hentry"],"yoast_head":"<!-- This site is optimized with the Yoast SEO plugin v27.2 - https:\/\/yoast.com\/product\/yoast-seo-wordpress\/ -->\n<title>Cookie politika - Guarderia Kilika Haur-Eskola<\/title>\n<meta name=\"robots\" content=\"index, follow, max-snippet:-1, max-image-preview:large, max-video-preview:-1\" \/>\n<link rel=\"canonical\" href=\"https:\/\/kilikahaureskola.com\/eu\/cookie-politika\/\" \/>\n<meta property=\"og:locale\" content=\"eu_ES\" \/>\n<meta property=\"og:type\" content=\"article\" \/>\n<meta property=\"og:title\" content=\"Cookie politika - Guarderia Kilika Haur-Eskola\" \/>\n<meta property=\"og:description\" content=\"Cookie politika MAITANE ABANDO IBA\u00d1EZ DE GAUNA Y OTRA CB en cumplimiento de la Ley 34\/2002, de 11 de julio, de servicios de la sociedad de la informaci\u00f3n y de comercio electr\u00f3nico (LSSI). Texto consolidado a fecha 10 de mayo de 2014 (Art\u00edculos 2 en relaci\u00f3n con la definici\u00f3n del Anexo a), 22.2, 37, 38.4 [&hellip;]\" \/>\n<meta property=\"og:url\" content=\"https:\/\/kilikahaureskola.com\/eu\/cookie-politika\/\" \/>\n<meta property=\"og:site_name\" content=\"Guarderia Kilika Haur-Eskola\" \/>\n<meta property=\"article:modified_time\" content=\"2024-05-02T11:06:08+00:00\" \/>\n<meta name=\"twitter:card\" content=\"summary_large_image\" \/>\n<meta name=\"twitter:label1\" content=\"Est. reading time\" \/>\n\t<meta name=\"twitter:data1\" content=\"3 minutes\" \/>\n<script type=\"application\/ld+json\" class=\"yoast-schema-graph\">{\"@context\":\"https:\/\/schema.org\",\"@graph\":[{\"@type\":\"WebPage\",\"@id\":\"https:\/\/kilikahaureskola.com\/eu\/cookie-politika\/\",\"url\":\"https:\/\/kilikahaureskola.com\/eu\/cookie-politika\/\",\"name\":\"Cookie politika - Guarderia Kilika Haur-Eskola\",\"isPartOf\":{\"@id\":\"https:\/\/kilikahaureskola.com\/es\/#website\"},\"datePublished\":\"2024-02-09T07:53:34+00:00\",\"dateModified\":\"2024-05-02T11:06:08+00:00\",\"breadcrumb\":{\"@id\":\"https:\/\/kilikahaureskola.com\/eu\/cookie-politika\/#breadcrumb\"},\"inLanguage\":\"eu-ES\",\"potentialAction\":[{\"@type\":\"ReadAction\",\"target\":[\"https:\/\/kilikahaureskola.com\/eu\/cookie-politika\/\"]}]},{\"@type\":\"BreadcrumbList\",\"@id\":\"https:\/\/kilikahaureskola.com\/eu\/cookie-politika\/#breadcrumb\",\"itemListElement\":[{\"@type\":\"ListItem\",\"position\":1,\"name\":\"Portada\",\"item\":\"https:\/\/kilikahaureskola.com\/es\/\"},{\"@type\":\"ListItem\",\"position\":2,\"name\":\"Cookie politika\"}]},{\"@type\":\"WebSite\",\"@id\":\"https:\/\/kilikahaureskola.com\/es\/#website\",\"url\":\"https:\/\/kilikahaureskola.com\/es\/\",\"name\":\"Guarderia Kilika Haur-Eskola\",\"description\":\"\",\"publisher\":{\"@id\":\"https:\/\/kilikahaureskola.com\/es\/#organization\"},\"potentialAction\":[{\"@type\":\"SearchAction\",\"target\":{\"@type\":\"EntryPoint\",\"urlTemplate\":\"https:\/\/kilikahaureskola.com\/es\/?s={search_term_string}\"},\"query-input\":{\"@type\":\"PropertyValueSpecification\",\"valueRequired\":true,\"valueName\":\"search_term_string\"}}],\"inLanguage\":\"eu-ES\"},{\"@type\":\"Organization\",\"@id\":\"https:\/\/kilikahaureskola.com\/es\/#organization\",\"name\":\"Guarderia Kilika Haur-Eskola\",\"url\":\"https:\/\/kilikahaureskola.com\/es\/\",\"logo\":{\"@type\":\"ImageObject\",\"inLanguage\":\"eu-ES\",\"@id\":\"https:\/\/kilikahaureskola.com\/es\/#\/schema\/logo\/image\/\",\"url\":\"https:\/\/kilikahaureskola.com\/wp-content\/uploads\/2024\/02\/logo-kilika-def.png\",\"contentUrl\":\"https:\/\/kilikahaureskola.com\/wp-content\/uploads\/2024\/02\/logo-kilika-def.png\",\"width\":686,\"height\":375,\"caption\":\"Guarderia Kilika Haur-Eskola\"},\"image\":{\"@id\":\"https:\/\/kilikahaureskola.com\/es\/#\/schema\/logo\/image\/\"}}]}<\/script>\n<!-- \/ Yoast SEO plugin. -->","yoast_head_json":{"title":"Cookie politika - Guarderia Kilika Haur-Eskola","robots":{"index":"index","follow":"follow","max-snippet":"max-snippet:-1","max-image-preview":"max-image-preview:large","max-video-preview":"max-video-preview:-1"},"canonical":"https:\/\/kilikahaureskola.com\/eu\/cookie-politika\/","og_locale":"eu_ES","og_type":"article","og_title":"Cookie politika - Guarderia Kilika Haur-Eskola","og_description":"Cookie politika MAITANE ABANDO IBA\u00d1EZ DE GAUNA Y OTRA CB en cumplimiento de la Ley 34\/2002, de 11 de julio, de servicios de la sociedad de la informaci\u00f3n y de comercio electr\u00f3nico (LSSI). Texto consolidado a fecha 10 de mayo de 2014 (Art\u00edculos 2 en relaci\u00f3n con la definici\u00f3n del Anexo a), 22.2, 37, 38.4 [&hellip;]","og_url":"https:\/\/kilikahaureskola.com\/eu\/cookie-politika\/","og_site_name":"Guarderia Kilika Haur-Eskola","article_modified_time":"2024-05-02T11:06:08+00:00","twitter_card":"summary_large_image","twitter_misc":{"Est. reading time":"3 minutes"},"schema":{"@context":"https:\/\/schema.org","@graph":[{"@type":"WebPage","@id":"https:\/\/kilikahaureskola.com\/eu\/cookie-politika\/","url":"https:\/\/kilikahaureskola.com\/eu\/cookie-politika\/","name":"Cookie politika - Guarderia Kilika Haur-Eskola","isPartOf":{"@id":"https:\/\/kilikahaureskola.com\/es\/#website"},"datePublished":"2024-02-09T07:53:34+00:00","dateModified":"2024-05-02T11:06:08+00:00","breadcrumb":{"@id":"https:\/\/kilikahaureskola.com\/eu\/cookie-politika\/#breadcrumb"},"inLanguage":"eu-ES","potentialAction":[{"@type":"ReadAction","target":["https:\/\/kilikahaureskola.com\/eu\/cookie-politika\/"]}]},{"@type":"BreadcrumbList","@id":"https:\/\/kilikahaureskola.com\/eu\/cookie-politika\/#breadcrumb","itemListElement":[{"@type":"ListItem","position":1,"name":"Portada","item":"https:\/\/kilikahaureskola.com\/es\/"},{"@type":"ListItem","position":2,"name":"Cookie politika"}]},{"@type":"WebSite","@id":"https:\/\/kilikahaureskola.com\/es\/#website","url":"https:\/\/kilikahaureskola.com\/es\/","name":"Guarderia Kilika Haur-Eskola","description":"","publisher":{"@id":"https:\/\/kilikahaureskola.com\/es\/#organization"},"potentialAction":[{"@type":"SearchAction","target":{"@type":"EntryPoint","urlTemplate":"https:\/\/kilikahaureskola.com\/es\/?s={search_term_string}"},"query-input":{"@type":"PropertyValueSpecification","valueRequired":true,"valueName":"search_term_string"}}],"inLanguage":"eu-ES"},{"@type":"Organization","@id":"https:\/\/kilikahaureskola.com\/es\/#organization","name":"Guarderia Kilika Haur-Eskola","url":"https:\/\/kilikahaureskola.com\/es\/","logo":{"@type":"ImageObject","inLanguage":"eu-ES","@id":"https:\/\/kilikahaureskola.com\/es\/#\/schema\/logo\/image\/","url":"https:\/\/kilikahaureskola.com\/wp-content\/uploads\/2024\/02\/logo-kilika-def.png","contentUrl":"https:\/\/kilikahaureskola.com\/wp-content\/uploads\/2024\/02\/logo-kilika-def.png","width":686,"height":375,"caption":"Guarderia Kilika Haur-Eskola"},"image":{"@id":"https:\/\/kilikahaureskola.com\/es\/#\/schema\/logo\/image\/"}}]}},"_links":{"self":[{"href":"https:\/\/kilikahaureskola.com\/eu\/wp-json\/wp\/v2\/pages\/1346","targetHints":{"allow":["GET"]}}],"collection":[{"href":"https:\/\/kilikahaureskola.com\/eu\/wp-json\/wp\/v2\/pages"}],"about":[{"href":"https:\/\/kilikahaureskola.com\/eu\/wp-json\/wp\/v2\/types\/page"}],"author":[{"embeddable":true,"href":"https:\/\/kilikahaureskola.com\/eu\/wp-json\/wp\/v2\/users\/1"}],"replies":[{"embeddable":true,"href":"https:\/\/kilikahaureskola.com\/eu\/wp-json\/wp\/v2\/comments?post=1346"}],"version-history":[{"count":1,"href":"https:\/\/kilikahaureskola.com\/eu\/wp-json\/wp\/v2\/pages\/1346\/revisions"}],"predecessor-version":[{"id":1347,"href":"https:\/\/kilikahaureskola.com\/eu\/wp-json\/wp\/v2\/pages\/1346\/revisions\/1347"}],"wp:attachment":[{"href":"https:\/\/kilikahaureskola.com\/eu\/wp-json\/wp\/v2\/media?parent=1346"}],"curies":[{"name":"wp","href":"https:\/\/api.w.org\/{rel}","templated":true}]}}