{"id":1348,"date":"2024-02-09T08:54:02","date_gmt":"2024-02-09T07:54:02","guid":{"rendered":"https:\/\/kilikahaureskola.com\/pribatasun-politika\/"},"modified":"2024-05-02T13:15:16","modified_gmt":"2024-05-02T11:15:16","slug":"pribatutasun-politika","status":"publish","type":"page","link":"https:\/\/kilikahaureskola.com\/eu\/pribatutasun-politika\/","title":{"rendered":"Pribatutasun Politika"},"content":{"rendered":"\n<p>La presente <strong>Pol\u00edtica de Privacidad y de Cookies<\/strong> regula los tratamientos de datos de car\u00e1cter personal llevados a cabo como consecuencia del acceso y uso de la p\u00e1gina web <a href=\"http:\/\/www.guarderiakilika.com\/\">www.guarderiakilika.com<\/a> (en adelante, \u201cla <strong>web<\/strong>\u201d) del que es titular MAITANE ABANDO IBA\u00d1EZ DE GAUNA Y OTRA CB, con CIF 72427370W y domicilio en Avda. Salis 21 Bajo D, Irun ( Gipuzkoa ).<\/p>\n\n<p><strong>Pribatutasun Politika<\/strong><\/p>\n\n<p>El uso de la web atribuye la condici\u00f3n de usuario (en adelante, el <strong>\u201cUsuario\u201d<\/strong>) e implica el conocimiento y la aceptaci\u00f3n de todas las condiciones incluidas en esta Pol\u00edtica de Privacidad. El Usuario debe leer atentamente la presente Pol\u00edtica de Privacidad en cada una de las ocasiones que se proponga utilizar la web, ya que \u00e9sta puede sufrir modificaciones.<\/p>\n\n<p><strong>Recogida, tratamiento y uso de los datos personales en la web.<\/strong><\/p>\n\n<p>En base a lo dispuesto en el Reglamento General de Protecci\u00f3n de Datos 2016\/679 (RGPD) le informamos que para hacer uso algunos de los servicios que les ofrece nuestra web, puede ser necesario que nos suministre determinados datos de car\u00e1cter personal que ser\u00e1n incorporados a ficheros automatizados.<\/p>\n\n<p>Cumpliendo con las nuevas disposiciones del Reglamento (UE) 2016\/679 del PE y del Consejo de 27 de Abril de 2016 , relativas a la protecci\u00f3n de las personas f\u00edsicas en lo que respecta al tratamiento de datos personales y a la libre circulaci\u00f3n de estos datos y por el que se deroga la Directiva 95\/46\/CE, informamos de que el <strong>responsable del tratamiento<\/strong> de los datos es MAITANE ABANDO IBA\u00d1EZ DE GAUNA Y OTRA CB con domicilio social en Avda. Salis 21 Bajo D, Irun ( Gipuzkoa ).<\/p>\n\n<p>Con car\u00e1cter general, los datos recogidos ser\u00e1n tratados con la finalidad de prestar los servicios ofrecidos a trav\u00e9s de la web o atender otros tipos de relaciones que puedan surgir con MAITANE ABANDO IBA\u00d1EZ DE GAUNA Y OTRA CB como consecuencia de las solicitudes, gestiones o tr\u00e1mites que el Usuario realice mediante la web. Los datos objeto de tratamiento ser\u00e1n aquellos que nos facilite a trav\u00e9s de los formularios que en cada momento contenga la p\u00e1gina o <strong>a trav\u00e9s de los correos electr\u00f3nicos que el Usuario dirija a las direcciones de correo electr\u00f3nico identificadas en la misma<\/strong>, as\u00ed como aquellos otros que se generen durante el mantenimiento de la relaci\u00f3n correspondiente.<\/p>\n\n<p>Todos los campos que aparecen se\u00f1alados como obligatorios en cualesquiera de los formularios deber\u00e1n ser cumplimentados necesariamente, de tal modo que la omisi\u00f3n de alguno de ellos podr\u00e1 comportar la imposibilidad de que podamos atender su solicitud o prestarle los servicios correspondientes.<\/p>\n\n<p>Adicionalmente, durante dicha recogida de datos, es posible que se solicite su consentimiento para otra serie de finalidades que no guardan una relaci\u00f3n directa con el servicio o la relaci\u00f3n correspondiente. En dicho caso, marque la casilla destinada al efecto seg\u00fan corresponda.<\/p>\n\n<p><strong>Comunicaciones o cesiones de datos<\/strong><\/p>\n\n<p>Los datos recogidos en la p\u00e1gina web <a href=\"mailto:kilika@guarderiakilika.com\">kilika@guarderiakilika.com<\/a> \u00fanicamente ser\u00e1n ser comunicados a otras empresas para el desarrollo, mantenimiento y control de la relaci\u00f3n jur\u00eddica que se establezca o cuando exista autorizaci\u00f3n legal para hacerlo.<\/p>\n\n<p>La aceptaci\u00f3n del usuario para que puedan ser tratados o cedidos sus datos en la forma establecida en este p\u00e1rrafo, tiene siempre car\u00e1cter revocable, sin efectos retroactivos.<\/p>\n\n<p>Fuera de los supuestos previstos en el p\u00e1rrafo anterior, MAITANE ABANDO IBA\u00d1EZ DE GAUNA Y OTRA CB no comunicar\u00e1 los datos personales de los Usuarios a ning\u00fan otro tercero, <strong>salvo cuando se obtenga su consentimiento previo para ello en la forma legalmente exigida<\/strong>.<\/p>\n\n<p><strong>Exactitud, actualizaci\u00f3n y conservaci\u00f3n de los datos personales de los Usuarios<\/strong><\/p>\n\n<p>Al enviarnos sus datos a trav\u00e9s de los formularios previstos o mediante correo electr\u00f3nico a los buzones correspondientes, el Usuario declara que la informaci\u00f3n y los datos facilitados son exactos y veraces, as\u00ed como que es mayor de 18 a\u00f1os. Los servicios de la web no est\u00e1n dirigidos a menores de 18 a\u00f1os por lo que no tenemos previsto consentimiento paterno en ning\u00fan caso. Ser\u00e1 responsabilidad del Usuario mantener permanentemente actualizados todos sus datos personales.<\/p>\n\n<p>MAITANE ABANDO IBA\u00d1EZ DE GAUNA Y OTRA CB conservar\u00e1 los datos personales mientras sea necesario para prestar los servicios o atender las solicitudes de los Usuarios y, en todo caso, por los periodos legalmente previstos para cada caso.<\/p>\n\n<p><strong>Ejercicio de los derechos de acceso, rectificaci\u00f3n, cancelaci\u00f3n y oposici\u00f3n<\/strong><\/p>\n\n<p>Los usuarios podr\u00e1n oponerse al tratamiento de cualquiera de sus datos que no sean imprescindibles para la prestaci\u00f3n de servicios ofertados en la web y a su uso para cualquier finalidad distinta del mantenimiento de su relaci\u00f3n de la especificada en la misma.<\/p>\n\n<p>Los usuarios quedan debidamente informados y por tanto podr\u00e1n ejercer, <strong>en cualquier momento<\/strong>, sus derechos de acceso, rectificaci\u00f3n, cancelaci\u00f3n y oposici\u00f3n al tratamiento de sus datos, as\u00ed como revocar su consentimiento o ejercer su derecho al olvido en los t\u00e9rminos previstos legalmente, dirigi\u00e9ndose a la siguiente direcci\u00f3n electr\u00f3nica: <a href=\"mailto:kilika@guarderiakilika.com\">kilika@guarderiakilika.com<\/a> o a la siguiente direcci\u00f3n postal: Avda. Salis 21 Bajo D, Irun ( Gipuzkoa ) y acompa\u00f1ando copia del documento que acredite su identidad.<\/p>\n\n<p><strong>Sitios Enlazados<\/strong><\/p>\n\n<p>La web puede contener enlaces con otros sitios web ajenos a MAITANE ABANDO IBA\u00d1EZ DE GAUNA Y OTRA CB, de manera que no podemos garantizar ni respondemos del tratamiento de los datos personales que el usuario proporcione en esos sitios web. En consecuencia, le recomendamos que revise las pol\u00edticas de privacidad de dichos sitios.<\/p>\n","protected":false},"excerpt":{"rendered":"<p>La presente Pol\u00edtica de Privacidad y de Cookies regula los tratamientos de datos de car\u00e1cter personal llevados a cabo como consecuencia del acceso y uso de la p\u00e1gina web www.guarderiakilika.com (en adelante, \u201cla web\u201d) del que es titular MAITANE ABANDO IBA\u00d1EZ DE GAUNA Y OTRA CB, con CIF 72427370W y domicilio en Avda. Salis 21 [&hellip;]<\/p>\n","protected":false},"author":1,"featured_media":0,"parent":0,"menu_order":0,"comment_status":"closed","ping_status":"closed","template":"","meta":{"footnotes":""},"class_list":["post-1348","page","type-page","status-publish","hentry"],"yoast_head":"<!-- This site is optimized with the Yoast SEO plugin v27.2 - https:\/\/yoast.com\/product\/yoast-seo-wordpress\/ -->\n<title>Pribatutasun Politika - Guarderia Kilika Haur-Eskola<\/title>\n<meta name=\"robots\" content=\"index, follow, max-snippet:-1, max-image-preview:large, max-video-preview:-1\" \/>\n<link rel=\"canonical\" href=\"https:\/\/kilikahaureskola.com\/eu\/pribatutasun-politika\/\" \/>\n<meta property=\"og:locale\" content=\"eu_ES\" \/>\n<meta property=\"og:type\" content=\"article\" \/>\n<meta property=\"og:title\" content=\"Pribatutasun Politika - Guarderia Kilika Haur-Eskola\" \/>\n<meta property=\"og:description\" content=\"La presente Pol\u00edtica de Privacidad y de Cookies regula los tratamientos de datos de car\u00e1cter personal llevados a cabo como consecuencia del acceso y uso de la p\u00e1gina web www.guarderiakilika.com (en adelante, \u201cla web\u201d) del que es titular MAITANE ABANDO IBA\u00d1EZ DE GAUNA Y OTRA CB, con CIF 72427370W y domicilio en Avda. Salis 21 [&hellip;]\" \/>\n<meta property=\"og:url\" content=\"https:\/\/kilikahaureskola.com\/eu\/pribatutasun-politika\/\" \/>\n<meta property=\"og:site_name\" content=\"Guarderia Kilika Haur-Eskola\" \/>\n<meta property=\"article:modified_time\" content=\"2024-05-02T11:15:16+00:00\" \/>\n<meta name=\"twitter:card\" content=\"summary_large_image\" \/>\n<meta name=\"twitter:label1\" content=\"Est. reading time\" \/>\n\t<meta name=\"twitter:data1\" content=\"5 minutes\" \/>\n<script type=\"application\/ld+json\" class=\"yoast-schema-graph\">{\"@context\":\"https:\/\/schema.org\",\"@graph\":[{\"@type\":\"WebPage\",\"@id\":\"https:\/\/kilikahaureskola.com\/eu\/pribatutasun-politika\/\",\"url\":\"https:\/\/kilikahaureskola.com\/eu\/pribatutasun-politika\/\",\"name\":\"Pribatutasun Politika - Guarderia Kilika Haur-Eskola\",\"isPartOf\":{\"@id\":\"https:\/\/kilikahaureskola.com\/es\/#website\"},\"datePublished\":\"2024-02-09T07:54:02+00:00\",\"dateModified\":\"2024-05-02T11:15:16+00:00\",\"breadcrumb\":{\"@id\":\"https:\/\/kilikahaureskola.com\/eu\/pribatutasun-politika\/#breadcrumb\"},\"inLanguage\":\"eu-ES\",\"potentialAction\":[{\"@type\":\"ReadAction\",\"target\":[\"https:\/\/kilikahaureskola.com\/eu\/pribatutasun-politika\/\"]}]},{\"@type\":\"BreadcrumbList\",\"@id\":\"https:\/\/kilikahaureskola.com\/eu\/pribatutasun-politika\/#breadcrumb\",\"itemListElement\":[{\"@type\":\"ListItem\",\"position\":1,\"name\":\"Portada\",\"item\":\"https:\/\/kilikahaureskola.com\/es\/\"},{\"@type\":\"ListItem\",\"position\":2,\"name\":\"Pribatutasun Politika\"}]},{\"@type\":\"WebSite\",\"@id\":\"https:\/\/kilikahaureskola.com\/es\/#website\",\"url\":\"https:\/\/kilikahaureskola.com\/es\/\",\"name\":\"Guarderia Kilika Haur-Eskola\",\"description\":\"\",\"publisher\":{\"@id\":\"https:\/\/kilikahaureskola.com\/es\/#organization\"},\"potentialAction\":[{\"@type\":\"SearchAction\",\"target\":{\"@type\":\"EntryPoint\",\"urlTemplate\":\"https:\/\/kilikahaureskola.com\/es\/?s={search_term_string}\"},\"query-input\":{\"@type\":\"PropertyValueSpecification\",\"valueRequired\":true,\"valueName\":\"search_term_string\"}}],\"inLanguage\":\"eu-ES\"},{\"@type\":\"Organization\",\"@id\":\"https:\/\/kilikahaureskola.com\/es\/#organization\",\"name\":\"Guarderia Kilika Haur-Eskola\",\"url\":\"https:\/\/kilikahaureskola.com\/es\/\",\"logo\":{\"@type\":\"ImageObject\",\"inLanguage\":\"eu-ES\",\"@id\":\"https:\/\/kilikahaureskola.com\/es\/#\/schema\/logo\/image\/\",\"url\":\"https:\/\/kilikahaureskola.com\/wp-content\/uploads\/2024\/02\/logo-kilika-def.png\",\"contentUrl\":\"https:\/\/kilikahaureskola.com\/wp-content\/uploads\/2024\/02\/logo-kilika-def.png\",\"width\":686,\"height\":375,\"caption\":\"Guarderia Kilika Haur-Eskola\"},\"image\":{\"@id\":\"https:\/\/kilikahaureskola.com\/es\/#\/schema\/logo\/image\/\"}}]}<\/script>\n<!-- \/ Yoast SEO plugin. -->","yoast_head_json":{"title":"Pribatutasun Politika - Guarderia Kilika Haur-Eskola","robots":{"index":"index","follow":"follow","max-snippet":"max-snippet:-1","max-image-preview":"max-image-preview:large","max-video-preview":"max-video-preview:-1"},"canonical":"https:\/\/kilikahaureskola.com\/eu\/pribatutasun-politika\/","og_locale":"eu_ES","og_type":"article","og_title":"Pribatutasun Politika - Guarderia Kilika Haur-Eskola","og_description":"La presente Pol\u00edtica de Privacidad y de Cookies regula los tratamientos de datos de car\u00e1cter personal llevados a cabo como consecuencia del acceso y uso de la p\u00e1gina web www.guarderiakilika.com (en adelante, \u201cla web\u201d) del que es titular MAITANE ABANDO IBA\u00d1EZ DE GAUNA Y OTRA CB, con CIF 72427370W y domicilio en Avda. Salis 21 [&hellip;]","og_url":"https:\/\/kilikahaureskola.com\/eu\/pribatutasun-politika\/","og_site_name":"Guarderia Kilika Haur-Eskola","article_modified_time":"2024-05-02T11:15:16+00:00","twitter_card":"summary_large_image","twitter_misc":{"Est. reading time":"5 minutes"},"schema":{"@context":"https:\/\/schema.org","@graph":[{"@type":"WebPage","@id":"https:\/\/kilikahaureskola.com\/eu\/pribatutasun-politika\/","url":"https:\/\/kilikahaureskola.com\/eu\/pribatutasun-politika\/","name":"Pribatutasun Politika - Guarderia Kilika Haur-Eskola","isPartOf":{"@id":"https:\/\/kilikahaureskola.com\/es\/#website"},"datePublished":"2024-02-09T07:54:02+00:00","dateModified":"2024-05-02T11:15:16+00:00","breadcrumb":{"@id":"https:\/\/kilikahaureskola.com\/eu\/pribatutasun-politika\/#breadcrumb"},"inLanguage":"eu-ES","potentialAction":[{"@type":"ReadAction","target":["https:\/\/kilikahaureskola.com\/eu\/pribatutasun-politika\/"]}]},{"@type":"BreadcrumbList","@id":"https:\/\/kilikahaureskola.com\/eu\/pribatutasun-politika\/#breadcrumb","itemListElement":[{"@type":"ListItem","position":1,"name":"Portada","item":"https:\/\/kilikahaureskola.com\/es\/"},{"@type":"ListItem","position":2,"name":"Pribatutasun Politika"}]},{"@type":"WebSite","@id":"https:\/\/kilikahaureskola.com\/es\/#website","url":"https:\/\/kilikahaureskola.com\/es\/","name":"Guarderia Kilika Haur-Eskola","description":"","publisher":{"@id":"https:\/\/kilikahaureskola.com\/es\/#organization"},"potentialAction":[{"@type":"SearchAction","target":{"@type":"EntryPoint","urlTemplate":"https:\/\/kilikahaureskola.com\/es\/?s={search_term_string}"},"query-input":{"@type":"PropertyValueSpecification","valueRequired":true,"valueName":"search_term_string"}}],"inLanguage":"eu-ES"},{"@type":"Organization","@id":"https:\/\/kilikahaureskola.com\/es\/#organization","name":"Guarderia Kilika Haur-Eskola","url":"https:\/\/kilikahaureskola.com\/es\/","logo":{"@type":"ImageObject","inLanguage":"eu-ES","@id":"https:\/\/kilikahaureskola.com\/es\/#\/schema\/logo\/image\/","url":"https:\/\/kilikahaureskola.com\/wp-content\/uploads\/2024\/02\/logo-kilika-def.png","contentUrl":"https:\/\/kilikahaureskola.com\/wp-content\/uploads\/2024\/02\/logo-kilika-def.png","width":686,"height":375,"caption":"Guarderia Kilika Haur-Eskola"},"image":{"@id":"https:\/\/kilikahaureskola.com\/es\/#\/schema\/logo\/image\/"}}]}},"_links":{"self":[{"href":"https:\/\/kilikahaureskola.com\/eu\/wp-json\/wp\/v2\/pages\/1348","targetHints":{"allow":["GET"]}}],"collection":[{"href":"https:\/\/kilikahaureskola.com\/eu\/wp-json\/wp\/v2\/pages"}],"about":[{"href":"https:\/\/kilikahaureskola.com\/eu\/wp-json\/wp\/v2\/types\/page"}],"author":[{"embeddable":true,"href":"https:\/\/kilikahaureskola.com\/eu\/wp-json\/wp\/v2\/users\/1"}],"replies":[{"embeddable":true,"href":"https:\/\/kilikahaureskola.com\/eu\/wp-json\/wp\/v2\/comments?post=1348"}],"version-history":[{"count":3,"href":"https:\/\/kilikahaureskola.com\/eu\/wp-json\/wp\/v2\/pages\/1348\/revisions"}],"predecessor-version":[{"id":1355,"href":"https:\/\/kilikahaureskola.com\/eu\/wp-json\/wp\/v2\/pages\/1348\/revisions\/1355"}],"wp:attachment":[{"href":"https:\/\/kilikahaureskola.com\/eu\/wp-json\/wp\/v2\/media?parent=1348"}],"curies":[{"name":"wp","href":"https:\/\/api.w.org\/{rel}","templated":true}]}}